{"id":44,"date":"2021-01-27T10:16:50","date_gmt":"2021-01-27T09:16:50","guid":{"rendered":"http:\/\/lbdr.fr\/bdr\/?page_id=44"},"modified":"2022-09-06T14:40:05","modified_gmt":"2022-09-06T12:40:05","slug":"boutique","status":"publish","type":"page","link":"https:\/\/lbdr.fr\/bdr\/index.php\/boutique\/","title":{"rendered":"Boutique"},"content":{"rendered":"\t\t<div data-elementor-type=\"wp-page\" data-elementor-id=\"44\" class=\"elementor elementor-44\">\n\t\t\t\t\t\t<section class=\"elementor-section elementor-top-section elementor-element elementor-element-989b11e elementor-section-full_width elementor-section-height-default elementor-section-height-default\" data-id=\"989b11e\" data-element_type=\"section\" data-e-type=\"section\" data-settings=\"{&quot;background_background&quot;:&quot;classic&quot;}\">\n\t\t\t\t\t\t<div class=\"elementor-container elementor-column-gap-default\">\n\t\t\t\t\t<article class=\"elementor-column elementor-col-50 elementor-top-column elementor-element elementor-element-b61bde1\" data-id=\"b61bde1\" data-element_type=\"column\" data-e-type=\"column\" data-settings=\"{&quot;background_background&quot;:&quot;classic&quot;}\">\n\t\t\t<div class=\"elementor-widget-wrap elementor-element-populated\">\n\t\t\t\t\t\t<div class=\"elementor-element elementor-element-b8a1813 elementor-widget elementor-widget-image\" data-id=\"b8a1813\" data-element_type=\"widget\" data-e-type=\"widget\" data-widget_type=\"image.default\">\n\t\t\t\t<div class=\"elementor-widget-container\">\n\t\t\t\t\t\t\t\t\t\t\t\t\t\t\t\t<a href=\"http:\/\/lbdr.fr\/bdr\/wp-content\/uploads\/2021\/01\/Univers-autres-nouvelles-des-Batisseurs-de-reves_1306.jpg\" data-elementor-open-lightbox=\"yes\" data-elementor-lightbox-title=\"Univers-autres-nouvelles-des-Batisseurs-de-reves\" data-elementor-lightbox-description=\"Univers, autres nouvelles des B\u00e2tisseurs de r\u00eaves est le deuxi\u00e8me recueil de nouvelles fantastiques de l\u2019association orl\u00e9anaise de jeux de r\u00f4le. Dans ce livre, les auteurs s\u2019inspirent des univers de jeux les plus populaires et vous invitent une nouvelle fois \u00e0 d\u00e9couvrir des histoires in\u00e9dites issues de leur imagination.\" data-e-action-hash=\"#elementor-action%3Aaction%3Dlightbox%26settings%3DeyJpZCI6MTE5LCJ1cmwiOiJodHRwOlwvXC9sYmRyLmZyXC9iZHJcL3dwLWNvbnRlbnRcL3VwbG9hZHNcLzIwMjFcLzAxXC9Vbml2ZXJzLWF1dHJlcy1ub3V2ZWxsZXMtZGVzLUJhdGlzc2V1cnMtZGUtcmV2ZXNfMTMwNi5qcGcifQ%3D%3D\">\n\t\t\t\t\t\t\t<img fetchpriority=\"high\" decoding=\"async\" width=\"250\" height=\"355\" src=\"http:\/\/lbdr.fr\/bdr\/wp-content\/uploads\/2021\/01\/Univers-autres-nouvelles-des-Batisseurs-de-reves_1306.jpg\" class=\"attachment-medium_large size-medium_large wp-image-119\" alt=\"\" srcset=\"http:\/\/lbdr.fr\/bdr\/wp-content\/uploads\/2021\/01\/Univers-autres-nouvelles-des-Batisseurs-de-reves_1306.jpg 250w, http:\/\/lbdr.fr\/bdr\/wp-content\/uploads\/2021\/01\/Univers-autres-nouvelles-des-Batisseurs-de-reves_1306-211x300.jpg 211w\" sizes=\"(max-width: 250px) 100vw, 250px\" \/>\t\t\t\t\t\t\t\t<\/a>\n\t\t\t\t\t\t\t\t\t\t\t\t\t\t\t<\/div>\n\t\t\t\t<\/div>\n\t\t\t\t\t<\/div>\n\t\t<\/article>\n\t\t\t\t<article class=\"elementor-column elementor-col-50 elementor-top-column elementor-element elementor-element-376e44a\" data-id=\"376e44a\" data-element_type=\"column\" data-e-type=\"column\" data-settings=\"{&quot;background_background&quot;:&quot;classic&quot;}\">\n\t\t\t<div class=\"elementor-widget-wrap elementor-element-populated\">\n\t\t\t\t\t\t<div class=\"elementor-element elementor-element-2889d0d elementor-widget elementor-widget-text-editor\" data-id=\"2889d0d\" data-element_type=\"widget\" data-e-type=\"widget\" data-widget_type=\"text-editor.default\">\n\t\t\t\t<div class=\"elementor-widget-container\">\n\t\t\t\t\t\t\t\t\t<p>Univers, autres nouvelles des B\u00e2tisseurs de r\u00eaves est le deuxi\u00e8me recueil de nouvelles fantastiques de l\u2019association orl\u00e9anaise de jeux de r\u00f4le. Dans ce livre, les auteurs s\u2019inspirent des univers de jeux les plus populaires et vous invitent une nouvelle fois \u00e0 d\u00e9couvrir des histoires in\u00e9dites issues de leur imagination.<\/p>\t\t\t\t\t\t\t\t<\/div>\n\t\t\t\t<\/div>\n\t\t\t\t<div class=\"elementor-element elementor-element-2740b8b elementor-widget elementor-widget-text-editor\" data-id=\"2740b8b\" data-element_type=\"widget\" data-e-type=\"widget\" data-widget_type=\"text-editor.default\">\n\t\t\t\t<div class=\"elementor-widget-container\">\n\t\t\t\t\t\t\t\t\t<p><span style=\"text-decoration: underline;\"><strong>Auteur :<\/strong><\/span> Kwilleran, Romain Meriark Lecomte, Antoine Molho, C\u00e9dric Moulin, Rapha\u00ebl Mouze, L\u00e9o Rigal, Dominique Signoret, Philippe Signoret, Martin Thomas.<\/p><p><span style=\"text-decoration: underline;\"><strong>Nbr de pages :<\/strong><\/span> 454<\/p><p><span style=\"text-decoration: underline;\"><strong>Date de parution :<\/strong><\/span> Janvier 2019<\/p>\t\t\t\t\t\t\t\t<\/div>\n\t\t\t\t<\/div>\n\t\t\t\t\t<\/div>\n\t\t<\/article>\n\t\t\t\t\t<\/div>\n\t\t<\/section>\n\t\t\t\t<section class=\"elementor-section elementor-top-section elementor-element elementor-element-771503d elementor-section-full_width elementor-section-height-default elementor-section-height-default\" data-id=\"771503d\" data-element_type=\"section\" data-e-type=\"section\" data-settings=\"{&quot;background_background&quot;:&quot;classic&quot;}\">\n\t\t\t\t\t\t<div class=\"elementor-container elementor-column-gap-default\">\n\t\t\t\t\t<div class=\"elementor-column elementor-col-50 elementor-top-column elementor-element elementor-element-8ce0855\" data-id=\"8ce0855\" data-element_type=\"column\" data-e-type=\"column\" data-settings=\"{&quot;background_background&quot;:&quot;classic&quot;}\">\n\t\t\t<div class=\"elementor-widget-wrap elementor-element-populated\">\n\t\t\t\t\t\t<div class=\"elementor-element elementor-element-05f5bdd elementor-widget elementor-widget-image\" data-id=\"05f5bdd\" data-element_type=\"widget\" data-e-type=\"widget\" data-widget_type=\"image.default\">\n\t\t\t\t<div class=\"elementor-widget-container\">\n\t\t\t\t\t\t\t\t\t\t\t\t\t\t\t\t<a href=\"http:\/\/lbdr.fr\/bdr\/wp-content\/uploads\/2021\/01\/nouvelles-des-batisseurs-de-reves-1.jpg\" data-elementor-open-lightbox=\"yes\" data-elementor-lightbox-title=\"Nouvelles-des-b\u00e2tisseurs-de-r\u00eaves\" data-elementor-lightbox-description=\"Rencontres d\u2019Ailleurs est la troisi\u00e8me publication notre association orl\u00e9anaise de jeux de r\u00f4le. Retrouvez neufs textes originaux \u00e9crits par des r\u00f4listes passionn\u00e9s, mais aussi des chroniques, illustrations et interviews. Rencontres d\u2019Ailleurs est imprim\u00e9 sous la forme d\u2019un pulp au format US.\" data-e-action-hash=\"#elementor-action%3Aaction%3Dlightbox%26settings%3DeyJpZCI6MTA3LCJ1cmwiOiJodHRwOlwvXC9sYmRyLmZyXC9iZHJcL3dwLWNvbnRlbnRcL3VwbG9hZHNcLzIwMjFcLzAxXC9ub3V2ZWxsZXMtZGVzLWJhdGlzc2V1cnMtZGUtcmV2ZXMtMS5qcGcifQ%3D%3D\">\n\t\t\t\t\t\t\t<img decoding=\"async\" width=\"250\" height=\"355\" src=\"http:\/\/lbdr.fr\/bdr\/wp-content\/uploads\/2021\/01\/nouvelles-des-batisseurs-de-reves-1.jpg\" class=\"attachment-medium_large size-medium_large wp-image-107\" alt=\"\" srcset=\"http:\/\/lbdr.fr\/bdr\/wp-content\/uploads\/2021\/01\/nouvelles-des-batisseurs-de-reves-1.jpg 250w, http:\/\/lbdr.fr\/bdr\/wp-content\/uploads\/2021\/01\/nouvelles-des-batisseurs-de-reves-1-211x300.jpg 211w\" sizes=\"(max-width: 250px) 100vw, 250px\" \/>\t\t\t\t\t\t\t\t<\/a>\n\t\t\t\t\t\t\t\t\t\t\t\t\t\t\t<\/div>\n\t\t\t\t<\/div>\n\t\t\t\t\t<\/div>\n\t\t<\/div>\n\t\t\t\t<div class=\"elementor-column elementor-col-50 elementor-top-column elementor-element elementor-element-ff345aa\" data-id=\"ff345aa\" data-element_type=\"column\" data-e-type=\"column\" data-settings=\"{&quot;background_background&quot;:&quot;classic&quot;}\">\n\t\t\t<div class=\"elementor-widget-wrap elementor-element-populated\">\n\t\t\t\t\t\t<div class=\"elementor-element elementor-element-3b5f7fa elementor-widget elementor-widget-text-editor\" data-id=\"3b5f7fa\" data-element_type=\"widget\" data-e-type=\"widget\" data-widget_type=\"text-editor.default\">\n\t\t\t\t<div class=\"elementor-widget-container\">\n\t\t\t\t\t\t\t\t\t<p>Apr\u00e8s avoir myst\u00e9rieusement disparu, un objet r\u00e9appara\u00eet \u00e0 l\u2019endroit m\u00eame o\u00f9 il avait \u00e9t\u00e9 laiss\u00e9 et cherch\u00e9 en vain. Un voyageur solitaire en s\u00e9jour sur une \u00eele d\u00e9serte va \u00eatre confront\u00e9 au pire. Un a\u00e9roport am\u00e9ricain voit d\u00e9barquer un passager pas tout \u00e0 fait ordinaire\u2026<\/p>\t\t\t\t\t\t\t\t<\/div>\n\t\t\t\t<\/div>\n\t\t\t\t<div class=\"elementor-element elementor-element-6d8240d elementor-widget elementor-widget-text-editor\" data-id=\"6d8240d\" data-element_type=\"widget\" data-e-type=\"widget\" data-widget_type=\"text-editor.default\">\n\t\t\t\t<div class=\"elementor-widget-container\">\n\t\t\t\t\t\t\t\t\t<p><span style=\"text-decoration: underline;\"><strong>Auteur :<\/strong><\/span> Th\u00e9otime Guipaud, Kwilleran, Romain Meriark Lecomte, Gauthier Marcel, Antoine Molho, C\u00e9dric Moulin, Dominique Signoret, Philippe Signoret, Martin Thomas.<\/p><p><span style=\"text-decoration: underline;\"><strong>Nbr de pages :<\/strong><\/span> 410<\/p><p><span style=\"text-decoration: underline;\"><strong>Date de parution :<\/strong><\/span> Novembre 2017<\/p>\t\t\t\t\t\t\t\t<\/div>\n\t\t\t\t<\/div>\n\t\t\t\t\t<\/div>\n\t\t<\/div>\n\t\t\t\t\t<\/div>\n\t\t<\/section>\n\t\t\t\t<section class=\"elementor-section elementor-top-section elementor-element elementor-element-44e34a6 elementor-section-full_width elementor-section-height-default elementor-section-height-default\" data-id=\"44e34a6\" data-element_type=\"section\" data-e-type=\"section\">\n\t\t\t\t\t\t<div class=\"elementor-container elementor-column-gap-default\">\n\t\t\t\t\t<div class=\"elementor-column elementor-col-50 elementor-top-column elementor-element elementor-element-40869ed\" data-id=\"40869ed\" data-element_type=\"column\" data-e-type=\"column\" data-settings=\"{&quot;background_background&quot;:&quot;classic&quot;}\">\n\t\t\t<div class=\"elementor-widget-wrap elementor-element-populated\">\n\t\t\t\t\t\t<div class=\"elementor-element elementor-element-1bc9d4d elementor-widget elementor-widget-image\" data-id=\"1bc9d4d\" data-element_type=\"widget\" data-e-type=\"widget\" data-widget_type=\"image.default\">\n\t\t\t\t<div class=\"elementor-widget-container\">\n\t\t\t\t\t\t\t\t\t\t\t\t\t\t\t\t<a href=\"http:\/\/lbdr.fr\/bdr\/wp-content\/uploads\/2021\/01\/cosmos-la-derniere-force-1.jpg\" data-elementor-open-lightbox=\"yes\" data-elementor-lightbox-title=\"cosmos-la-derniere-force-1\" data-elementor-lightbox-description=\"Avec \u00ab Cosmos \u00bb, partez \u00e0 la d\u00e9couverte d\u2019une collection majeure d\u2019\u0153uvres de Jacques Thuillier r\u00e9alis\u00e9es dans les ann\u00e9es 1960 et 1970. Inspir\u00e9s par le cin\u00e9ma et la litt\u00e9rature de science-fiction, ces dessins sont \u00e0 l\u2019image de l\u2019artiste : \u00e0 la fois complexes et na\u00effs, riches et g\u00e9n\u00e9reux.\" data-e-action-hash=\"#elementor-action%3Aaction%3Dlightbox%26settings%3DeyJpZCI6ODIsInVybCI6Imh0dHA6XC9cL2xiZHIuZnJcL2Jkclwvd3AtY29udGVudFwvdXBsb2Fkc1wvMjAyMVwvMDFcL2Nvc21vcy1sYS1kZXJuaWVyZS1mb3JjZS0xLmpwZyJ9\">\n\t\t\t\t\t\t\t<img decoding=\"async\" width=\"250\" height=\"355\" src=\"http:\/\/lbdr.fr\/bdr\/wp-content\/uploads\/2021\/01\/cosmos-la-derniere-force-1.jpg\" class=\"attachment-medium_large size-medium_large wp-image-82\" alt=\"\" srcset=\"http:\/\/lbdr.fr\/bdr\/wp-content\/uploads\/2021\/01\/cosmos-la-derniere-force-1.jpg 250w, http:\/\/lbdr.fr\/bdr\/wp-content\/uploads\/2021\/01\/cosmos-la-derniere-force-1-211x300.jpg 211w\" sizes=\"(max-width: 250px) 100vw, 250px\" \/>\t\t\t\t\t\t\t\t<\/a>\n\t\t\t\t\t\t\t\t\t\t\t\t\t\t\t<\/div>\n\t\t\t\t<\/div>\n\t\t\t\t\t<\/div>\n\t\t<\/div>\n\t\t\t\t<div class=\"elementor-column elementor-col-50 elementor-top-column elementor-element elementor-element-a2eea93\" data-id=\"a2eea93\" data-element_type=\"column\" data-e-type=\"column\" data-settings=\"{&quot;background_background&quot;:&quot;classic&quot;}\">\n\t\t\t<div class=\"elementor-widget-wrap elementor-element-populated\">\n\t\t\t\t\t\t<div class=\"elementor-element elementor-element-b385231 elementor-widget elementor-widget-text-editor\" data-id=\"b385231\" data-element_type=\"widget\" data-e-type=\"widget\" data-widget_type=\"text-editor.default\">\n\t\t\t\t<div class=\"elementor-widget-container\">\n\t\t\t\t\t\t\t\t\t<p>Avec \u00ab Cosmos \u00bb, partez \u00e0 la d\u00e9couverte d\u2019une collection majeure d\u2019\u0153uvres de Jacques Thuillier r\u00e9alis\u00e9es dans les ann\u00e9es 1960 et 1970. Inspir\u00e9s par le cin\u00e9ma et la litt\u00e9rature de science-fiction, ces dessins sont \u00e0 l\u2019image de l\u2019artiste : \u00e0 la fois complexes et na\u00effs, riches et g\u00e9n\u00e9reux.<\/p>\t\t\t\t\t\t\t\t<\/div>\n\t\t\t\t<\/div>\n\t\t\t\t<div class=\"elementor-element elementor-element-8cca1c9 elementor-widget elementor-widget-text-editor\" data-id=\"8cca1c9\" data-element_type=\"widget\" data-e-type=\"widget\" data-widget_type=\"text-editor.default\">\n\t\t\t\t<div class=\"elementor-widget-container\">\n\t\t\t\t\t\t\t\t\t<p><span style=\"text-decoration: underline;\"><strong>Auteur<\/strong><\/span> : C\u00e9dric Moulin<\/p><p><span style=\"text-decoration: underline;\"><strong>Nbr de pages<\/strong><\/span> : 118<\/p><p><span style=\"text-decoration: underline;\"><strong>Date de parution<\/strong><\/span> : Mai 2017<\/p>\t\t\t\t\t\t\t\t<\/div>\n\t\t\t\t<\/div>\n\t\t\t\t\t<\/div>\n\t\t<\/div>\n\t\t\t\t\t<\/div>\n\t\t<\/section>\n\t\t\t\t<section class=\"elementor-section elementor-top-section elementor-element elementor-element-08a8046 elementor-section-full_width elementor-section-height-default elementor-section-height-default\" data-id=\"08a8046\" data-element_type=\"section\" data-e-type=\"section\" data-settings=\"{&quot;background_background&quot;:&quot;classic&quot;}\">\n\t\t\t\t\t\t<div class=\"elementor-container elementor-column-gap-default\">\n\t\t\t\t\t<div class=\"elementor-column elementor-col-50 elementor-top-column elementor-element elementor-element-5d8313a\" data-id=\"5d8313a\" data-element_type=\"column\" data-e-type=\"column\" data-settings=\"{&quot;background_background&quot;:&quot;classic&quot;}\">\n\t\t\t<div class=\"elementor-widget-wrap elementor-element-populated\">\n\t\t\t\t\t\t<div class=\"elementor-element elementor-element-20e3482 elementor-widget elementor-widget-image\" data-id=\"20e3482\" data-element_type=\"widget\" data-e-type=\"widget\" data-widget_type=\"image.default\">\n\t\t\t\t<div class=\"elementor-widget-container\">\n\t\t\t\t\t\t\t\t\t\t\t\t\t\t\t\t<a href=\"http:\/\/lbdr.fr\/bdr\/wp-content\/uploads\/2021\/01\/Les_rencontres_dailleurs-1.jpg\" data-elementor-open-lightbox=\"yes\" data-elementor-lightbox-title=\"Les_rencontres_dailleurs-1\" data-e-action-hash=\"#elementor-action%3Aaction%3Dlightbox%26settings%3DeyJpZCI6ODYsInVybCI6Imh0dHA6XC9cL2xiZHIuZnJcL2Jkclwvd3AtY29udGVudFwvdXBsb2Fkc1wvMjAyMVwvMDFcL0xlc19yZW5jb250cmVzX2RhaWxsZXVycy0xLmpwZyJ9\">\n\t\t\t\t\t\t\t<img loading=\"lazy\" decoding=\"async\" width=\"250\" height=\"355\" src=\"http:\/\/lbdr.fr\/bdr\/wp-content\/uploads\/2021\/01\/Les_rencontres_dailleurs-1.jpg\" class=\"attachment-medium_large size-medium_large wp-image-86\" alt=\"\" srcset=\"http:\/\/lbdr.fr\/bdr\/wp-content\/uploads\/2021\/01\/Les_rencontres_dailleurs-1.jpg 250w, http:\/\/lbdr.fr\/bdr\/wp-content\/uploads\/2021\/01\/Les_rencontres_dailleurs-1-211x300.jpg 211w\" sizes=\"(max-width: 250px) 100vw, 250px\" \/>\t\t\t\t\t\t\t\t<\/a>\n\t\t\t\t\t\t\t\t\t\t\t\t\t\t\t<\/div>\n\t\t\t\t<\/div>\n\t\t\t\t\t<\/div>\n\t\t<\/div>\n\t\t\t\t<div class=\"elementor-column elementor-col-50 elementor-top-column elementor-element elementor-element-40e154c\" data-id=\"40e154c\" data-element_type=\"column\" data-e-type=\"column\" data-settings=\"{&quot;background_background&quot;:&quot;classic&quot;}\">\n\t\t\t<div class=\"elementor-widget-wrap elementor-element-populated\">\n\t\t\t\t\t\t<div class=\"elementor-element elementor-element-d4f3d07 elementor-widget elementor-widget-text-editor\" data-id=\"d4f3d07\" data-element_type=\"widget\" data-e-type=\"widget\" data-widget_type=\"text-editor.default\">\n\t\t\t\t<div class=\"elementor-widget-container\">\n\t\t\t\t\t\t\t\t\t<p>Rencontres d\u2019Ailleurs est la troisi\u00e8me publication notre association orl\u00e9anaise de jeux de r\u00f4le. Retrouvez neufs textes originaux \u00e9crits par des r\u00f4listes passionn\u00e9s, mais aussi des chroniques, illustrations et interviews. Rencontres d\u2019Ailleurs est imprim\u00e9 sous la forme d\u2019un pulp au format US.<\/p>\t\t\t\t\t\t\t\t<\/div>\n\t\t\t\t<\/div>\n\t\t\t\t<div class=\"elementor-element elementor-element-2d87bfe elementor-widget elementor-widget-text-editor\" data-id=\"2d87bfe\" data-element_type=\"widget\" data-e-type=\"widget\" data-widget_type=\"text-editor.default\">\n\t\t\t\t<div class=\"elementor-widget-container\">\n\t\t\t\t\t\t\t\t\t<p><span style=\"text-decoration: underline;\"><strong>Auteur<\/strong><\/span> : C\u00e9dric Moulin<\/p><p><span style=\"text-decoration: underline;\"><strong>Nbr de pages<\/strong><\/span> : 126<\/p><p><span style=\"text-decoration: underline;\"><strong>Date de parution<\/strong><\/span> : D\u00e9cembre 2019<\/p>\t\t\t\t\t\t\t\t<\/div>\n\t\t\t\t<\/div>\n\t\t\t\t\t<\/div>\n\t\t<\/div>\n\t\t\t\t\t<\/div>\n\t\t<\/section>\n\t\t\t\t<section class=\"elementor-section elementor-top-section elementor-element elementor-element-a57d25f elementor-section-full_width elementor-section-height-min-height elementor-section-height-default elementor-section-items-middle\" data-id=\"a57d25f\" data-element_type=\"section\" data-e-type=\"section\" data-settings=\"{&quot;background_background&quot;:&quot;classic&quot;}\">\n\t\t\t\t\t\t<div class=\"elementor-container elementor-column-gap-extended\">\n\t\t\t\t\t<div class=\"elementor-column elementor-col-100 elementor-top-column elementor-element elementor-element-fc2bb81\" data-id=\"fc2bb81\" data-element_type=\"column\" data-e-type=\"column\" data-settings=\"{&quot;background_background&quot;:&quot;classic&quot;}\">\n\t\t\t<div class=\"elementor-widget-wrap elementor-element-populated\">\n\t\t\t\t\t\t<div class=\"elementor-element elementor-element-91106b9 elementor-align-center elementor-widget elementor-widget-button\" data-id=\"91106b9\" data-element_type=\"widget\" data-e-type=\"widget\" data-widget_type=\"button.default\">\n\t\t\t\t<div class=\"elementor-widget-container\">\n\t\t\t\t\t\t\t\t\t<div class=\"elementor-button-wrapper\">\n\t\t\t\t\t<a class=\"elementor-button elementor-button-link elementor-size-xl\" href=\"https:\/\/editionsmoulin.wordpress.com\/\">\n\t\t\t\t\t\t<span class=\"elementor-button-content-wrapper\">\n\t\t\t\t\t\t<span class=\"elementor-button-icon\">\n\t\t\t\t<i aria-hidden=\"true\" class=\"fas fa-cart-arrow-down\"><\/i>\t\t\t<\/span>\n\t\t\t\t\t\t\t\t\t<span class=\"elementor-button-text\">Pour achet\u00e9 les livres cliquer ici<\/span>\n\t\t\t\t\t<\/span>\n\t\t\t\t\t<\/a>\n\t\t\t\t<\/div>\n\t\t\t\t\t\t\t\t<\/div>\n\t\t\t\t<\/div>\n\t\t\t\t\t<\/div>\n\t\t<\/div>\n\t\t\t\t\t<\/div>\n\t\t<\/section>\n\t\t\t\t<section class=\"elementor-section elementor-top-section elementor-element elementor-element-6f40944 elementor-section-boxed elementor-section-height-default elementor-section-height-default\" data-id=\"6f40944\" data-element_type=\"section\" data-e-type=\"section\">\n\t\t\t\t\t\t<div class=\"elementor-container elementor-column-gap-default\">\n\t\t\t\t\t<div class=\"elementor-column elementor-col-100 elementor-top-column elementor-element elementor-element-763caa0\" data-id=\"763caa0\" data-element_type=\"column\" data-e-type=\"column\">\n\t\t\t<div class=\"elementor-widget-wrap elementor-element-populated\">\n\t\t\t\t\t\t<div class=\"elementor-element elementor-element-09137ef elementor-widget elementor-widget-html\" data-id=\"09137ef\" data-element_type=\"widget\" data-e-type=\"widget\" data-widget_type=\"html.default\">\n\t\t\t\t<div class=\"elementor-widget-container\">\n\t\t\t\t\t<div class=\"btn-top\">\n   <img decoding=\"async\" src=\"http:\/\/lbdr.fr\/bdr\/wp-content\/uploads\/2021\/02\/arrow.svg\" class=\"icone\" style=\"box-shadow: none;\">\n<\/div>\n\n<script>\nconst btn = document.querySelector('.btn-top');\n\nwindow.addEventListener('scroll', () => {\n    if (window.pageYOffset > 100) {\n        btn.classList.add('active');\n    } else {\n        btn.classList.remove('active');\n    }\n});\n\nbtn.addEventListener('click', () => {\n    window.scrollTo({\n        top: 0,\n        left: 0,\n        behevior: \"smooth\"\n    })\n});\n<\/script>\t\t\t\t<\/div>\n\t\t\t\t<\/div>\n\t\t\t\t\t<\/div>\n\t\t<\/div>\n\t\t\t\t\t<\/div>\n\t\t<\/section>\n\t\t\t\t<\/div>\n\t\t","protected":false},"excerpt":{"rendered":"<p>Univers, autres nouvelles des B\u00e2tisseurs de r\u00eaves est le deuxi\u00e8me recueil de nouvelles fantastiques de l\u2019association orl\u00e9anaise de jeux de r\u00f4le. Dans ce livre, les auteurs s\u2019inspirent des univers de jeux les plus populaires et vous invitent une nouvelle fois \u00e0 d\u00e9couvrir des histoires in\u00e9dites issues de leur imagination. Auteur : Kwilleran, Romain Meriark Lecomte, [&hellip;]<\/p>\n","protected":false},"author":1,"featured_media":0,"parent":0,"menu_order":0,"comment_status":"closed","ping_status":"closed","template":"","meta":{"footnotes":""},"categories":[],"tags":[],"class_list":["post-44","page","type-page","status-publish","hentry"],"aioseo_notices":[],"jetpack_sharing_enabled":true,"_links":{"self":[{"href":"https:\/\/lbdr.fr\/bdr\/index.php\/wp-json\/wp\/v2\/pages\/44","targetHints":{"allow":["GET"]}}],"collection":[{"href":"https:\/\/lbdr.fr\/bdr\/index.php\/wp-json\/wp\/v2\/pages"}],"about":[{"href":"https:\/\/lbdr.fr\/bdr\/index.php\/wp-json\/wp\/v2\/types\/page"}],"author":[{"embeddable":true,"href":"https:\/\/lbdr.fr\/bdr\/index.php\/wp-json\/wp\/v2\/users\/1"}],"replies":[{"embeddable":true,"href":"https:\/\/lbdr.fr\/bdr\/index.php\/wp-json\/wp\/v2\/comments?post=44"}],"version-history":[{"count":155,"href":"https:\/\/lbdr.fr\/bdr\/index.php\/wp-json\/wp\/v2\/pages\/44\/revisions"}],"predecessor-version":[{"id":4064,"href":"https:\/\/lbdr.fr\/bdr\/index.php\/wp-json\/wp\/v2\/pages\/44\/revisions\/4064"}],"wp:attachment":[{"href":"https:\/\/lbdr.fr\/bdr\/index.php\/wp-json\/wp\/v2\/media?parent=44"}],"wp:term":[{"taxonomy":"category","embeddable":true,"href":"https:\/\/lbdr.fr\/bdr\/index.php\/wp-json\/wp\/v2\/categories?post=44"},{"taxonomy":"post_tag","embeddable":true,"href":"https:\/\/lbdr.fr\/bdr\/index.php\/wp-json\/wp\/v2\/tags?post=44"}],"curies":[{"name":"wp","href":"https:\/\/api.w.org\/{rel}","templated":true}]}}