{"id":42,"date":"2021-01-27T10:18:47","date_gmt":"2021-01-27T09:18:47","guid":{"rendered":"http:\/\/lbdr.fr\/bdr\/?page_id=42"},"modified":"2022-09-07T17:03:43","modified_gmt":"2022-09-07T15:03:43","slug":"discord","status":"publish","type":"page","link":"https:\/\/lbdr.fr\/bdr\/index.php\/discord\/","title":{"rendered":"Discord"},"content":{"rendered":"\t\t<div data-elementor-type=\"wp-page\" data-elementor-id=\"42\" class=\"elementor elementor-42\">\n\t\t\t\t\t\t<section class=\"elementor-section elementor-top-section elementor-element elementor-element-c4dc44b elementor-section-boxed elementor-section-height-default elementor-section-height-default\" data-id=\"c4dc44b\" data-element_type=\"section\" data-e-type=\"section\" data-settings=\"{&quot;background_background&quot;:&quot;classic&quot;}\">\n\t\t\t\t\t\t<div class=\"elementor-container elementor-column-gap-default\">\n\t\t\t\t\t<div class=\"elementor-column elementor-col-100 elementor-top-column elementor-element elementor-element-8a5b88f\" data-id=\"8a5b88f\" data-element_type=\"column\" data-e-type=\"column\">\n\t\t\t<div class=\"elementor-widget-wrap elementor-element-populated\">\n\t\t\t\t\t\t<div class=\"elementor-element elementor-element-eedf3b4 elementor-widget elementor-widget-heading\" data-id=\"eedf3b4\" data-element_type=\"widget\" data-e-type=\"widget\" data-widget_type=\"heading.default\">\n\t\t\t\t<div class=\"elementor-widget-container\">\n\t\t\t\t\t<h2 class=\"elementor-heading-title elementor-size-default\">Bienvenue sur la page Discord des BDR<\/h2>\t\t\t\t<\/div>\n\t\t\t\t<\/div>\n\t\t\t\t\t<\/div>\n\t\t<\/div>\n\t\t\t\t\t<\/div>\n\t\t<\/section>\n\t\t\t\t<section class=\"elementor-section elementor-top-section elementor-element elementor-element-fc35f38 elementor-section-stretched elementor-section-full_width elementor-section-height-default elementor-section-height-default\" data-id=\"fc35f38\" data-element_type=\"section\" data-e-type=\"section\" data-settings=\"{&quot;stretch_section&quot;:&quot;section-stretched&quot;,&quot;background_background&quot;:&quot;classic&quot;}\">\n\t\t\t\t\t\t<div class=\"elementor-container elementor-column-gap-default\">\n\t\t\t\t\t<div class=\"elementor-column elementor-col-100 elementor-top-column elementor-element elementor-element-172de2a\" data-id=\"172de2a\" data-element_type=\"column\" data-e-type=\"column\">\n\t\t\t<div class=\"elementor-widget-wrap elementor-element-populated\">\n\t\t\t\t\t\t<div class=\"elementor-element elementor-element-19b025e elementor-widget elementor-widget-image\" data-id=\"19b025e\" data-element_type=\"widget\" data-e-type=\"widget\" data-widget_type=\"image.default\">\n\t\t\t\t<div class=\"elementor-widget-container\">\n\t\t\t\t\t\t\t\t\t\t\t\t\t\t\t\t<a href=\"http:\/\/lbdr.fr\/bdr\/wp-content\/uploads\/2021\/02\/Discord-BdR-scaled.jpg\" data-elementor-open-lightbox=\"yes\" data-elementor-lightbox-title=\"Discord BdR\" data-e-action-hash=\"#elementor-action%3Aaction%3Dlightbox%26settings%3DeyJpZCI6MTQzMCwidXJsIjoiaHR0cHM6XC9cL2xiZHIuZnJcL2Jkclwvd3AtY29udGVudFwvdXBsb2Fkc1wvMjAyMVwvMDJcL0Rpc2NvcmQtQmRSLXNjYWxlZC5qcGcifQ%3D%3D\">\n\t\t\t\t\t\t\t<img fetchpriority=\"high\" decoding=\"async\" width=\"580\" height=\"456\" src=\"https:\/\/lbdr.fr\/bdr\/wp-content\/uploads\/2021\/02\/Discord-BdR-768x604.jpg\" class=\"attachment-medium_large size-medium_large wp-image-1430\" alt=\"\" srcset=\"https:\/\/lbdr.fr\/bdr\/wp-content\/uploads\/2021\/02\/Discord-BdR-768x604.jpg 768w, https:\/\/lbdr.fr\/bdr\/wp-content\/uploads\/2021\/02\/Discord-BdR-300x236.jpg 300w, https:\/\/lbdr.fr\/bdr\/wp-content\/uploads\/2021\/02\/Discord-BdR-1024x806.jpg 1024w, https:\/\/lbdr.fr\/bdr\/wp-content\/uploads\/2021\/02\/Discord-BdR-1536x1208.jpg 1536w, https:\/\/lbdr.fr\/bdr\/wp-content\/uploads\/2021\/02\/Discord-BdR-2048x1611.jpg 2048w, https:\/\/lbdr.fr\/bdr\/wp-content\/uploads\/2021\/02\/Discord-BdR-1200x944.jpg 1200w, https:\/\/lbdr.fr\/bdr\/wp-content\/uploads\/2021\/02\/Discord-BdR-1980x1558.jpg 1980w\" sizes=\"(max-width: 580px) 100vw, 580px\" \/>\t\t\t\t\t\t\t\t<\/a>\n\t\t\t\t\t\t\t\t\t\t\t\t\t\t\t<\/div>\n\t\t\t\t<\/div>\n\t\t\t\t\t<\/div>\n\t\t<\/div>\n\t\t\t\t\t<\/div>\n\t\t<\/section>\n\t\t\t\t<section class=\"elementor-section elementor-top-section elementor-element elementor-element-3f73725 elementor-section-boxed elementor-section-height-default elementor-section-height-default\" data-id=\"3f73725\" data-element_type=\"section\" data-e-type=\"section\">\n\t\t\t\t\t\t<div class=\"elementor-container elementor-column-gap-default\">\n\t\t\t\t\t<div class=\"elementor-column elementor-col-33 elementor-top-column elementor-element elementor-element-92b3464\" data-id=\"92b3464\" data-element_type=\"column\" data-e-type=\"column\">\n\t\t\t<div class=\"elementor-widget-wrap elementor-element-populated\">\n\t\t\t\t\t\t<div class=\"elementor-element elementor-element-01fd362 elementor-widget elementor-widget-heading\" data-id=\"01fd362\" data-element_type=\"widget\" data-e-type=\"widget\" data-widget_type=\"heading.default\">\n\t\t\t\t<div class=\"elementor-widget-container\">\n\t\t\t\t\t<h4 class=\"elementor-heading-title elementor-size-default\">Pr\u00e9sentation du serveur discord des b\u00e2tisseurs de r\u00eave.<\/h4>\t\t\t\t<\/div>\n\t\t\t\t<\/div>\n\t\t\t\t<div class=\"elementor-element elementor-element-fcea2b1 elementor-widget elementor-widget-spacer\" data-id=\"fcea2b1\" data-element_type=\"widget\" data-e-type=\"widget\" data-widget_type=\"spacer.default\">\n\t\t\t\t<div class=\"elementor-widget-container\">\n\t\t\t\t\t\t\t<div class=\"elementor-spacer\">\n\t\t\t<div class=\"elementor-spacer-inner\"><\/div>\n\t\t<\/div>\n\t\t\t\t\t\t<\/div>\n\t\t\t\t<\/div>\n\t\t\t\t<div class=\"elementor-element elementor-element-2e7dc87 elementor-widget elementor-widget-video\" data-id=\"2e7dc87\" data-element_type=\"widget\" data-e-type=\"widget\" data-settings=\"{&quot;video_type&quot;:&quot;hosted&quot;,&quot;controls&quot;:&quot;yes&quot;}\" data-widget_type=\"video.default\">\n\t\t\t\t<div class=\"elementor-widget-container\">\n\t\t\t\t\t\t\t<div class=\"e-hosted-video elementor-wrapper elementor-open-inline\">\n\t\t\t\t\t<video class=\"elementor-video\" src=\"http:\/\/lbdr.fr\/bdr\/wp-content\/uploads\/2021\/02\/Video_21-02-05_12-24-54.mp4\" controls=\"\" preload=\"metadata\" controlsList=\"nodownload\"><\/video>\n\t\t\t\t<\/div>\n\t\t\t\t\t\t<\/div>\n\t\t\t\t<\/div>\n\t\t\t\t\t<\/div>\n\t\t<\/div>\n\t\t\t\t<div class=\"elementor-column elementor-col-33 elementor-top-column elementor-element elementor-element-af223fd\" data-id=\"af223fd\" data-element_type=\"column\" data-e-type=\"column\">\n\t\t\t<div class=\"elementor-widget-wrap elementor-element-populated\">\n\t\t\t\t\t\t<div class=\"elementor-element elementor-element-aa54ad8 elementor-widget elementor-widget-spacer\" data-id=\"aa54ad8\" data-element_type=\"widget\" data-e-type=\"widget\" data-widget_type=\"spacer.default\">\n\t\t\t\t<div class=\"elementor-widget-container\">\n\t\t\t\t\t\t\t<div class=\"elementor-spacer\">\n\t\t\t<div class=\"elementor-spacer-inner\"><\/div>\n\t\t<\/div>\n\t\t\t\t\t\t<\/div>\n\t\t\t\t<\/div>\n\t\t\t\t\t<\/div>\n\t\t<\/div>\n\t\t\t\t<div class=\"elementor-column elementor-col-33 elementor-top-column elementor-element elementor-element-19033c6\" data-id=\"19033c6\" data-element_type=\"column\" data-e-type=\"column\">\n\t\t\t<div class=\"elementor-widget-wrap elementor-element-populated\">\n\t\t\t\t\t\t<div class=\"elementor-element elementor-element-2a74354 elementor-widget elementor-widget-heading\" data-id=\"2a74354\" data-element_type=\"widget\" data-e-type=\"widget\" data-widget_type=\"heading.default\">\n\t\t\t\t<div class=\"elementor-widget-container\">\n\t\t\t\t\t<h2 class=\"elementor-heading-title elementor-size-default\">Le Halle des B\u00e2tisseurs<\/h2>\t\t\t\t<\/div>\n\t\t\t\t<\/div>\n\t\t\t\t<div class=\"elementor-element elementor-element-03d313a elementor-widget elementor-widget-shortcode\" data-id=\"03d313a\" data-element_type=\"widget\" data-e-type=\"widget\" data-widget_type=\"shortcode.default\">\n\t\t\t\t<div class=\"elementor-widget-container\">\n\t\t\t\t\t\t\t<div class=\"elementor-shortcode\"><iframe src=\"https:\/\/discord.com\/widget?id=981146250047021096&theme=dark\" width=\"350\" height=\"500\" allowtransparency=\"true\" frameborder=\"0\" sandbox=\"allow-popups allow-popups-to-escape-sandbox allow-same-origin allow-scripts\"><\/iframe><\/div>\n\t\t\t\t\t\t<\/div>\n\t\t\t\t<\/div>\n\t\t\t\t\t<\/div>\n\t\t<\/div>\n\t\t\t\t\t<\/div>\n\t\t<\/section>\n\t\t\t\t<section class=\"elementor-section elementor-top-section elementor-element elementor-element-f48297a elementor-section-boxed elementor-section-height-default elementor-section-height-default\" data-id=\"f48297a\" data-element_type=\"section\" data-e-type=\"section\">\n\t\t\t\t\t\t<div class=\"elementor-container elementor-column-gap-default\">\n\t\t\t\t\t<div class=\"elementor-column elementor-col-100 elementor-top-column elementor-element elementor-element-b5ad6ca\" data-id=\"b5ad6ca\" data-element_type=\"column\" data-e-type=\"column\">\n\t\t\t<div class=\"elementor-widget-wrap elementor-element-populated\">\n\t\t\t\t\t\t<div class=\"elementor-element elementor-element-ab81c20 elementor-widget elementor-widget-html\" data-id=\"ab81c20\" data-element_type=\"widget\" data-e-type=\"widget\" data-widget_type=\"html.default\">\n\t\t\t\t<div class=\"elementor-widget-container\">\n\t\t\t\t\t<div class=\"btn-top\">\n   <img decoding=\"async\" src=\"http:\/\/lbdr.fr\/bdr\/wp-content\/uploads\/2021\/02\/arrow.svg\" class=\"icone\" style=\"box-shadow: none;\">\n<\/div>\n\n<script>\nconst btn = document.querySelector('.btn-top');\n\nwindow.addEventListener('scroll', () => {\n    if (window.pageYOffset > 100) {\n        btn.classList.add('active');\n    } else {\n        btn.classList.remove('active');\n    }\n});\n\nbtn.addEventListener('click', () => {\n    window.scrollTo({\n        top: 0,\n        left: 0,\n        behevior: \"smooth\"\n    })\n});\n<\/script>\t\t\t\t<\/div>\n\t\t\t\t<\/div>\n\t\t\t\t\t<\/div>\n\t\t<\/div>\n\t\t\t\t\t<\/div>\n\t\t<\/section>\n\t\t\t\t<\/div>\n\t\t","protected":false},"excerpt":{"rendered":"<p>Bienvenue sur la page Discord des BDR Pr\u00e9sentation du serveur discord des b\u00e2tisseurs de r\u00eave. http:\/\/lbdr.fr\/bdr\/wp-content\/uploads\/2021\/02\/Video_21-02-05_12-24-54.mp4 Le Halle des B\u00e2tisseurs<\/p>\n","protected":false},"author":1,"featured_media":0,"parent":0,"menu_order":0,"comment_status":"closed","ping_status":"closed","template":"","meta":{"footnotes":""},"categories":[],"tags":[],"class_list":["post-42","page","type-page","status-publish","hentry"],"aioseo_notices":[],"jetpack_sharing_enabled":true,"_links":{"self":[{"href":"https:\/\/lbdr.fr\/bdr\/index.php\/wp-json\/wp\/v2\/pages\/42","targetHints":{"allow":["GET"]}}],"collection":[{"href":"https:\/\/lbdr.fr\/bdr\/index.php\/wp-json\/wp\/v2\/pages"}],"about":[{"href":"https:\/\/lbdr.fr\/bdr\/index.php\/wp-json\/wp\/v2\/types\/page"}],"author":[{"embeddable":true,"href":"https:\/\/lbdr.fr\/bdr\/index.php\/wp-json\/wp\/v2\/users\/1"}],"replies":[{"embeddable":true,"href":"https:\/\/lbdr.fr\/bdr\/index.php\/wp-json\/wp\/v2\/comments?post=42"}],"version-history":[{"count":126,"href":"https:\/\/lbdr.fr\/bdr\/index.php\/wp-json\/wp\/v2\/pages\/42\/revisions"}],"predecessor-version":[{"id":4611,"href":"https:\/\/lbdr.fr\/bdr\/index.php\/wp-json\/wp\/v2\/pages\/42\/revisions\/4611"}],"wp:attachment":[{"href":"https:\/\/lbdr.fr\/bdr\/index.php\/wp-json\/wp\/v2\/media?parent=42"}],"wp:term":[{"taxonomy":"category","embeddable":true,"href":"https:\/\/lbdr.fr\/bdr\/index.php\/wp-json\/wp\/v2\/categories?post=42"},{"taxonomy":"post_tag","embeddable":true,"href":"https:\/\/lbdr.fr\/bdr\/index.php\/wp-json\/wp\/v2\/tags?post=42"}],"curies":[{"name":"wp","href":"https:\/\/api.w.org\/{rel}","templated":true}]}}